{"id":184,"date":"2026-04-09T17:24:31","date_gmt":"2026-04-09T17:24:31","guid":{"rendered":"https:\/\/projectosloneus.com\/mr2c\/?page_id=184"},"modified":"2026-04-19T16:24:54","modified_gmt":"2026-04-19T16:24:54","slug":"sobre-a-empresa","status":"publish","type":"page","link":"https:\/\/projectosloneus.com\/mr2c\/sobre-a-empresa\/","title":{"rendered":"Sobre a Empresa"},"content":{"rendered":"\t\t<div data-elementor-type=\"wp-page\" data-elementor-id=\"184\" class=\"elementor elementor-184\" data-elementor-post-type=\"page\">\n\t\t\t\t<div class=\"elementor-element elementor-element-9d98262 e-flex e-con-boxed e-con e-parent\" data-id=\"9d98262\" data-element_type=\"container\" data-e-type=\"container\" data-settings=\"{&quot;background_background&quot;:&quot;classic&quot;}\">\n\t\t\t\t\t<div class=\"e-con-inner\">\n\t\t<div class=\"elementor-element elementor-element-380677fe e-con-full e-flex e-con e-child\" data-id=\"380677fe\" data-element_type=\"container\" data-e-type=\"container\">\n\t\t\t\t<div class=\"elementor-element elementor-element-7b4164d2 elementor-widget elementor-widget-heading\" data-id=\"7b4164d2\" data-element_type=\"widget\" data-e-type=\"widget\" data-widget_type=\"heading.default\">\n\t\t\t\t\t<h1 class=\"elementor-heading-title elementor-size-default\">Sobre a Empresa<\/h1>\t\t\t\t<\/div>\n\t\t<div class=\"elementor-element elementor-element-11220fb9 e-flex e-con-boxed e-con e-child\" data-id=\"11220fb9\" data-element_type=\"container\" data-e-type=\"container\">\n\t\t\t\t\t<div class=\"e-con-inner\">\n\t\t\t\t<div class=\"elementor-element elementor-element-4fe39dfa elementor-icon-list--layout-inline elementor-align-center elementor-widget__width-auto elementor-list-item-link-full_width elementor-widget elementor-widget-icon-list\" data-id=\"4fe39dfa\" data-element_type=\"widget\" data-e-type=\"widget\" data-widget_type=\"icon-list.default\">\n\t\t\t\t\t\t\t<ul class=\"elementor-icon-list-items elementor-inline-items\">\n\t\t\t\t\t\t\t<li class=\"elementor-icon-list-item elementor-inline-item\">\n\t\t\t\t\t\t\t\t\t\t\t<a href=\"#\">\n\n\t\t\t\t\t\t\t\t\t\t\t<span class=\"elementor-icon-list-text\">Home<\/span>\n\t\t\t\t\t\t\t\t\t\t\t<\/a>\n\t\t\t\t\t\t\t\t\t<\/li>\n\t\t\t\t\t\t\t\t<li class=\"elementor-icon-list-item elementor-inline-item\">\n\t\t\t\t\t\t\t\t\t\t<span class=\"elementor-icon-list-text\">Empresa<\/span>\n\t\t\t\t\t\t\t\t\t<\/li>\n\t\t\t\t\t\t<\/ul>\n\t\t\t\t\t\t<\/div>\n\t\t\t\t\t<\/div>\n\t\t\t\t<\/div>\n\t\t\t\t<\/div>\n\t\t\t\t\t<\/div>\n\t\t\t\t<\/div>\n\t\t<div class=\"elementor-element elementor-element-1b41dbc9 e-flex e-con-boxed e-con e-parent\" data-id=\"1b41dbc9\" data-element_type=\"container\" data-e-type=\"container\">\n\t\t\t\t\t<div class=\"e-con-inner\">\n\t\t<div class=\"elementor-element elementor-element-5684c19e e-con-full e-flex e-con e-child\" data-id=\"5684c19e\" data-element_type=\"container\" data-e-type=\"container\">\n\t\t\t\t<div class=\"elementor-element elementor-element-3586b135 elementor-widget__width-auto elementor-widget elementor-widget-image\" data-id=\"3586b135\" data-element_type=\"widget\" data-e-type=\"widget\" data-widget_type=\"image.default\">\n\t\t\t\t\t\t\t\t\t\t\t\t\t\t\t<img fetchpriority=\"high\" decoding=\"async\" width=\"600\" height=\"600\" src=\"https:\/\/projectosloneus.com\/mr2c\/wp-content\/uploads\/2026\/04\/tecnica-aeronautica-MR2C-Angola.webp\" class=\"attachment-full size-full wp-image-362\" alt=\"\" srcset=\"https:\/\/projectosloneus.com\/mr2c\/wp-content\/uploads\/2026\/04\/tecnica-aeronautica-MR2C-Angola.webp 600w, https:\/\/projectosloneus.com\/mr2c\/wp-content\/uploads\/2026\/04\/tecnica-aeronautica-MR2C-Angola-300x300.webp 300w, https:\/\/projectosloneus.com\/mr2c\/wp-content\/uploads\/2026\/04\/tecnica-aeronautica-MR2C-Angola-150x150.webp 150w\" sizes=\"(max-width: 600px) 100vw, 600px\" \/>\t\t\t\t\t\t\t\t\t\t\t\t\t\t\t<\/div>\n\t\t\t\t<\/div>\n\t\t<div class=\"elementor-element elementor-element-4cb0a3c4 e-con-full e-flex e-con e-child\" data-id=\"4cb0a3c4\" data-element_type=\"container\" data-e-type=\"container\">\n\t\t\t\t<div class=\"elementor-element elementor-element-151bda9b elementor-widget elementor-widget-heading\" data-id=\"151bda9b\" data-element_type=\"widget\" data-e-type=\"widget\" data-widget_type=\"heading.default\">\n\t\t\t\t\t<h2 class=\"elementor-heading-title elementor-size-default\">Sobre a Empresa<\/h2>\t\t\t\t<\/div>\n\t\t\t\t<div class=\"elementor-element elementor-element-48862177 elementor-widget elementor-widget-heading\" data-id=\"48862177\" data-element_type=\"widget\" data-e-type=\"widget\" data-widget_type=\"heading.default\">\n\t\t\t\t\t<h3 class=\"elementor-heading-title elementor-size-default\">MR2C - Presta\u00e7\u00e3o de Servi\u00e7os (SU) Lda. <\/h3>\t\t\t\t<\/div>\n\t\t\t\t<div class=\"elementor-element elementor-element-720718b2 elementor-widget elementor-widget-text-editor\" data-id=\"720718b2\" data-element_type=\"widget\" data-e-type=\"widget\" data-widget_type=\"text-editor.default\">\n\t\t\t\t\t\t\t\t\t<p>\u00c9 uma empresa de direito angolano, com sede na Marginal de Luanda \u2013 pr\u00e9dio da DHL, 3\u00ba Andar, especializada na \u00e1rea de presta\u00e7\u00e3o de servi\u00e7os aeron\u00e1utico, oferecendo sempre solu\u00e7\u00f5es inteligentes e longa experi\u00eancia no mercado angolano, para quem usa os nossos servi\u00e7os.<\/p><p>Contribu\u00edmos de forma positiva para necessidade dos nossos parceiros, com servi\u00e7os realizados de acordo com as normas de qualidade e dos normativos t\u00e9cnicos da ICAO\/IATA e do fabricante das aeronaves e equipamentos de apoios as opera\u00e7\u00f5es (GSE) e dos seus sobressalentes, que prezamos dentro da nossa organiza\u00e7\u00e3o, incluindo garantia nos prazos estabelecidos.<\/p>\t\t\t\t\t\t\t\t<\/div>\n\t\t\t\t<\/div>\n\t\t\t\t\t<\/div>\n\t\t\t\t<\/div>\n\t\t<div class=\"elementor-element elementor-element-3deedd6 e-flex e-con-boxed e-con e-parent\" data-id=\"3deedd6\" data-element_type=\"container\" data-e-type=\"container\" data-settings=\"{&quot;background_background&quot;:&quot;classic&quot;}\">\n\t\t\t\t\t<div class=\"e-con-inner\">\n\t\t<div class=\"elementor-element elementor-element-d02dada e-con-full e-flex e-con e-child\" data-id=\"d02dada\" data-element_type=\"container\" data-e-type=\"container\">\n\t\t\t\t<div class=\"elementor-element elementor-element-5ce0a3a elementor-view-default elementor-position-block-start elementor-mobile-position-block-start elementor-widget elementor-widget-icon-box\" data-id=\"5ce0a3a\" data-element_type=\"widget\" data-e-type=\"widget\" data-widget_type=\"icon-box.default\">\n\t\t\t\t\t\t\t<div class=\"elementor-icon-box-wrapper\">\n\n\t\t\t\t\t\t<div class=\"elementor-icon-box-icon\">\n\t\t\t\t<span  class=\"elementor-icon\">\n\t\t\t\t<i aria-hidden=\"true\" class=\"icon icon-Target\"><\/i>\t\t\t\t<\/span>\n\t\t\t<\/div>\n\t\t\t\n\t\t\t\t\t\t<div class=\"elementor-icon-box-content\">\n\n\t\t\t\t\t\t\t\t\t<h3 class=\"elementor-icon-box-title\">\n\t\t\t\t\t\t<span  >\n\t\t\t\t\t\t\tMiss\u00e3o \t\t\t\t\t\t<\/span>\n\t\t\t\t\t<\/h3>\n\t\t\t\t\n\t\t\t\t\t\t\t\t\t<p class=\"elementor-icon-box-description\">\n\t\t\t\t\t\t\"Fornecer solu\u00e7\u00f5es seguras, r\u00e1pidas e eficientes em materiais e equipamentos aeron\u00e1uticos, garantindo a excel\u00eancia operacional e a confian\u00e7a plena dos nossos parceiros e clientes no setor da avia\u00e7\u00e3o.\"\t\t\t\t\t<\/p>\n\t\t\t\t\n\t\t\t<\/div>\n\t\t\t\n\t\t<\/div>\n\t\t\t\t\t\t<\/div>\n\t\t\t\t<\/div>\n\t\t<div class=\"elementor-element elementor-element-42e9f76 e-con-full e-flex e-con e-child\" data-id=\"42e9f76\" data-element_type=\"container\" data-e-type=\"container\">\n\t\t\t\t<div class=\"elementor-element elementor-element-5384c0b elementor-view-default elementor-position-block-start elementor-mobile-position-block-start elementor-widget elementor-widget-icon-box\" data-id=\"5384c0b\" data-element_type=\"widget\" data-e-type=\"widget\" data-widget_type=\"icon-box.default\">\n\t\t\t\t\t\t\t<div class=\"elementor-icon-box-wrapper\">\n\n\t\t\t\t\t\t<div class=\"elementor-icon-box-icon\">\n\t\t\t\t<span  class=\"elementor-icon\">\n\t\t\t\t<i aria-hidden=\"true\" class=\"icon icon-eye2\"><\/i>\t\t\t\t<\/span>\n\t\t\t<\/div>\n\t\t\t\n\t\t\t\t\t\t<div class=\"elementor-icon-box-content\">\n\n\t\t\t\t\t\t\t\t\t<h3 class=\"elementor-icon-box-title\">\n\t\t\t\t\t\t<span  >\n\t\t\t\t\t\t\tVis\u00e3o\t\t\t\t\t\t<\/span>\n\t\t\t\t\t<\/h3>\n\t\t\t\t\n\t\t\t\t\t\t\t\t\t<p class=\"elementor-icon-box-description\">\n\t\t\t\t\t\t\"Ser reconhecida como refer\u00eancia nacional e internacional no fornecimento e gest\u00e3o de pe\u00e7as e equipamentos aeron\u00e1uticos, impulsionando a inova\u00e7\u00e3o e o crescimento sustent\u00e1vel da ind\u00fastria aeroespacial.\"\t\t\t\t\t<\/p>\n\t\t\t\t\n\t\t\t<\/div>\n\t\t\t\n\t\t<\/div>\n\t\t\t\t\t\t<\/div>\n\t\t\t\t<\/div>\n\t\t\t\t\t<\/div>\n\t\t\t\t<\/div>\n\t\t<div class=\"elementor-element elementor-element-b0d5e45 e-flex e-con-boxed e-con e-parent\" data-id=\"b0d5e45\" data-element_type=\"container\" data-e-type=\"container\">\n\t\t\t\t\t<div class=\"e-con-inner\">\n\t\t\t\t<div class=\"elementor-element elementor-element-c79c350 elementor-widget elementor-widget-heading\" data-id=\"c79c350\" data-element_type=\"widget\" data-e-type=\"widget\" data-widget_type=\"heading.default\">\n\t\t\t\t\t<h3 class=\"elementor-heading-title elementor-size-default\">Objectivos estrat\u00e9gicos<\/h3>\t\t\t\t<\/div>\n\t\t<div class=\"elementor-element elementor-element-fa0cdf6 e-con-full e-flex e-con e-child\" data-id=\"fa0cdf6\" data-element_type=\"container\" data-e-type=\"container\">\n\t\t\t\t<div class=\"elementor-element elementor-element-24e957c elementor-icon-list--layout-traditional elementor-list-item-link-full_width elementor-widget elementor-widget-icon-list\" data-id=\"24e957c\" data-element_type=\"widget\" data-e-type=\"widget\" data-widget_type=\"icon-list.default\">\n\t\t\t\t\t\t\t<ul class=\"elementor-icon-list-items\">\n\t\t\t\t\t\t\t<li class=\"elementor-icon-list-item\">\n\t\t\t\t\t\t\t\t\t\t\t<span class=\"elementor-icon-list-icon\">\n\t\t\t\t\t\t\t<svg aria-hidden=\"true\" class=\"e-font-icon-svg e-fas-plane-departure\" viewBox=\"0 0 640 512\" xmlns=\"http:\/\/www.w3.org\/2000\/svg\"><path d=\"M624 448H16c-8.84 0-16 7.16-16 16v32c0 8.84 7.16 16 16 16h608c8.84 0 16-7.16 16-16v-32c0-8.84-7.16-16-16-16zM80.55 341.27c6.28 6.84 15.1 10.72 24.33 10.71l130.54-.18a65.62 65.62 0 0 0 29.64-7.12l290.96-147.65c26.74-13.57 50.71-32.94 67.02-58.31 18.31-28.48 20.3-49.09 13.07-63.65-7.21-14.57-24.74-25.27-58.25-27.45-29.85-1.94-59.54 5.92-86.28 19.48l-98.51 49.99-218.7-82.06a17.799 17.799 0 0 0-18-1.11L90.62 67.29c-10.67 5.41-13.25 19.65-5.17 28.53l156.22 98.1-103.21 52.38-72.35-36.47a17.804 17.804 0 0 0-16.07.02L9.91 230.22c-10.44 5.3-13.19 19.12-5.57 28.08l76.21 82.97z\"><\/path><\/svg>\t\t\t\t\t\t<\/span>\n\t\t\t\t\t\t\t\t\t\t<span class=\"elementor-icon-list-text\">Estabelecer parcerias s\u00f3lidas com fabricantes e fornecedores internacionais de material,pe\u00e7as e equipamentos aeron\u00e1uticos.<\/span>\n\t\t\t\t\t\t\t\t\t<\/li>\n\t\t\t\t\t\t\t\t<li class=\"elementor-icon-list-item\">\n\t\t\t\t\t\t\t\t\t\t\t<span class=\"elementor-icon-list-icon\">\n\t\t\t\t\t\t\t<svg aria-hidden=\"true\" class=\"e-font-icon-svg e-fas-plane-departure\" viewBox=\"0 0 640 512\" xmlns=\"http:\/\/www.w3.org\/2000\/svg\"><path d=\"M624 448H16c-8.84 0-16 7.16-16 16v32c0 8.84 7.16 16 16 16h608c8.84 0 16-7.16 16-16v-32c0-8.84-7.16-16-16-16zM80.55 341.27c6.28 6.84 15.1 10.72 24.33 10.71l130.54-.18a65.62 65.62 0 0 0 29.64-7.12l290.96-147.65c26.74-13.57 50.71-32.94 67.02-58.31 18.31-28.48 20.3-49.09 13.07-63.65-7.21-14.57-24.74-25.27-58.25-27.45-29.85-1.94-59.54 5.92-86.28 19.48l-98.51 49.99-218.7-82.06a17.799 17.799 0 0 0-18-1.11L90.62 67.29c-10.67 5.41-13.25 19.65-5.17 28.53l156.22 98.1-103.21 52.38-72.35-36.47a17.804 17.804 0 0 0-16.07.02L9.91 230.22c-10.44 5.3-13.19 19.12-5.57 28.08l76.21 82.97z\"><\/path><\/svg>\t\t\t\t\t\t<\/span>\n\t\t\t\t\t\t\t\t\t\t<span class=\"elementor-icon-list-text\">Garantir conformidade com normas e procedimentos t\u00e9cnicos regulado pelo sector \u2013 ANAC (Autoridade Nacional da Avia\u00e7\u00e3o Civil).<\/span>\n\t\t\t\t\t\t\t\t\t<\/li>\n\t\t\t\t\t\t\t\t<li class=\"elementor-icon-list-item\">\n\t\t\t\t\t\t\t\t\t\t\t<span class=\"elementor-icon-list-icon\">\n\t\t\t\t\t\t\t<svg aria-hidden=\"true\" class=\"e-font-icon-svg e-fas-plane-departure\" viewBox=\"0 0 640 512\" xmlns=\"http:\/\/www.w3.org\/2000\/svg\"><path d=\"M624 448H16c-8.84 0-16 7.16-16 16v32c0 8.84 7.16 16 16 16h608c8.84 0 16-7.16 16-16v-32c0-8.84-7.16-16-16-16zM80.55 341.27c6.28 6.84 15.1 10.72 24.33 10.71l130.54-.18a65.62 65.62 0 0 0 29.64-7.12l290.96-147.65c26.74-13.57 50.71-32.94 67.02-58.31 18.31-28.48 20.3-49.09 13.07-63.65-7.21-14.57-24.74-25.27-58.25-27.45-29.85-1.94-59.54 5.92-86.28 19.48l-98.51 49.99-218.7-82.06a17.799 17.799 0 0 0-18-1.11L90.62 67.29c-10.67 5.41-13.25 19.65-5.17 28.53l156.22 98.1-103.21 52.38-72.35-36.47a17.804 17.804 0 0 0-16.07.02L9.91 230.22c-10.44 5.3-13.19 19.12-5.57 28.08l76.21 82.97z\"><\/path><\/svg>\t\t\t\t\t\t<\/span>\n\t\t\t\t\t\t\t\t\t\t<span class=\"elementor-icon-list-text\">Oferecer servi\u00e7os log\u00edsticos r\u00e1pidos, transparentes e rastre\u00e1veis que atendam \u00e0s necessidades do mercado civil e comercial.<\/span>\n\t\t\t\t\t\t\t\t\t<\/li>\n\t\t\t\t\t\t\t\t<li class=\"elementor-icon-list-item\">\n\t\t\t\t\t\t\t\t\t\t\t<span class=\"elementor-icon-list-icon\">\n\t\t\t\t\t\t\t<svg aria-hidden=\"true\" class=\"e-font-icon-svg e-fas-plane-departure\" viewBox=\"0 0 640 512\" xmlns=\"http:\/\/www.w3.org\/2000\/svg\"><path d=\"M624 448H16c-8.84 0-16 7.16-16 16v32c0 8.84 7.16 16 16 16h608c8.84 0 16-7.16 16-16v-32c0-8.84-7.16-16-16-16zM80.55 341.27c6.28 6.84 15.1 10.72 24.33 10.71l130.54-.18a65.62 65.62 0 0 0 29.64-7.12l290.96-147.65c26.74-13.57 50.71-32.94 67.02-58.31 18.31-28.48 20.3-49.09 13.07-63.65-7.21-14.57-24.74-25.27-58.25-27.45-29.85-1.94-59.54 5.92-86.28 19.48l-98.51 49.99-218.7-82.06a17.799 17.799 0 0 0-18-1.11L90.62 67.29c-10.67 5.41-13.25 19.65-5.17 28.53l156.22 98.1-103.21 52.38-72.35-36.47a17.804 17.804 0 0 0-16.07.02L9.91 230.22c-10.44 5.3-13.19 19.12-5.57 28.08l76.21 82.97z\"><\/path><\/svg>\t\t\t\t\t\t<\/span>\n\t\t\t\t\t\t\t\t\t\t<span class=\"elementor-icon-list-text\">Investir na capacita\u00e7\u00e3o da equipa t\u00e9cnica para assegurar atendimento especializado.<\/span>\n\t\t\t\t\t\t\t\t\t<\/li>\n\t\t\t\t\t\t\t\t<li class=\"elementor-icon-list-item\">\n\t\t\t\t\t\t\t\t\t\t\t<span class=\"elementor-icon-list-icon\">\n\t\t\t\t\t\t\t<svg aria-hidden=\"true\" class=\"e-font-icon-svg e-fas-plane-departure\" viewBox=\"0 0 640 512\" xmlns=\"http:\/\/www.w3.org\/2000\/svg\"><path d=\"M624 448H16c-8.84 0-16 7.16-16 16v32c0 8.84 7.16 16 16 16h608c8.84 0 16-7.16 16-16v-32c0-8.84-7.16-16-16-16zM80.55 341.27c6.28 6.84 15.1 10.72 24.33 10.71l130.54-.18a65.62 65.62 0 0 0 29.64-7.12l290.96-147.65c26.74-13.57 50.71-32.94 67.02-58.31 18.31-28.48 20.3-49.09 13.07-63.65-7.21-14.57-24.74-25.27-58.25-27.45-29.85-1.94-59.54 5.92-86.28 19.48l-98.51 49.99-218.7-82.06a17.799 17.799 0 0 0-18-1.11L90.62 67.29c-10.67 5.41-13.25 19.65-5.17 28.53l156.22 98.1-103.21 52.38-72.35-36.47a17.804 17.804 0 0 0-16.07.02L9.91 230.22c-10.44 5.3-13.19 19.12-5.57 28.08l76.21 82.97z\"><\/path><\/svg>\t\t\t\t\t\t<\/span>\n\t\t\t\t\t\t\t\t\t\t<span class=\"elementor-icon-list-text\">Ampliar gradualmente nosso portf\u00f3lio com servi\u00e7os extras como consultoria t\u00e9cnica personalizada e gest\u00e3o eficiente do invent\u00e1rio aeron\u00e1utico.<\/span>\n\t\t\t\t\t\t\t\t\t<\/li>\n\t\t\t\t\t\t<\/ul>\n\t\t\t\t\t\t<\/div>\n\t\t\t\t<\/div>\n\t\t\t\t\t<\/div>\n\t\t\t\t<\/div>\n\t\t<div class=\"elementor-element elementor-element-7cd6f22 e-flex e-con-boxed e-con e-parent\" data-id=\"7cd6f22\" data-element_type=\"container\" data-e-type=\"container\" data-settings=\"{&quot;background_background&quot;:&quot;classic&quot;}\">\n\t\t\t\t\t<div class=\"e-con-inner\">\n\t\t<div class=\"elementor-element elementor-element-d46dfba e-con-full e-flex e-con e-child\" data-id=\"d46dfba\" data-element_type=\"container\" data-e-type=\"container\">\n\t\t\t\t<div class=\"elementor-element elementor-element-2c0a3c9 elementor-widget elementor-widget-heading\" data-id=\"2c0a3c9\" data-element_type=\"widget\" data-e-type=\"widget\" data-widget_type=\"heading.default\">\n\t\t\t\t\t<h2 class=\"elementor-heading-title elementor-size-default\">Aguardamos o seu contacto<\/h2>\t\t\t\t<\/div>\n\t\t\t\t<\/div>\n\t\t<div class=\"elementor-element elementor-element-4dc8040 e-con-full e-flex e-con e-child\" data-id=\"4dc8040\" data-element_type=\"container\" data-e-type=\"container\">\n\t\t\t\t<div class=\"elementor-element elementor-element-7b4e0bb elementor-align-right elementor-mobile-align-center elementor-widget elementor-widget-button\" data-id=\"7b4e0bb\" data-element_type=\"widget\" data-e-type=\"widget\" data-widget_type=\"button.default\">\n\t\t\t\t\t\t\t\t\t\t<a class=\"elementor-button elementor-button-link elementor-size-sm\" href=\"https:\/\/projectosloneus.com\/mr2c\/contactos\/\">\n\t\t\t\t\t\t<span class=\"elementor-button-content-wrapper\">\n\t\t\t\t\t\t\t\t\t<span class=\"elementor-button-text\">Contactar<\/span>\n\t\t\t\t\t<\/span>\n\t\t\t\t\t<\/a>\n\t\t\t\t\t\t\t\t<\/div>\n\t\t\t\t<\/div>\n\t\t\t\t\t<\/div>\n\t\t\t\t<\/div>\n\t\t\t\t<\/div>\n\t\t","protected":false},"excerpt":{"rendered":"<p>Sobre a Empresa Home Empresa Sobre a Empresa MR2C &#8211; Presta\u00e7\u00e3o de Servi\u00e7os (SU) Lda. \u00c9 uma empresa de direito angolano, com sede na Marginal de Luanda \u2013 pr\u00e9dio da DHL, 3\u00ba Andar, especializada na \u00e1rea de presta\u00e7\u00e3o de servi\u00e7os aeron\u00e1utico, oferecendo sempre solu\u00e7\u00f5es inteligentes e longa experi\u00eancia no mercado angolano, para quem usa os [&hellip;]<\/p>\n","protected":false},"author":1,"featured_media":0,"parent":0,"menu_order":0,"comment_status":"closed","ping_status":"closed","template":"elementor_header_footer","meta":{"footnotes":""},"class_list":["post-184","page","type-page","status-publish","hentry"],"yoast_head":"<!-- This site is optimized with the Yoast SEO plugin v27.3 - https:\/\/yoast.com\/product\/yoast-seo-wordpress\/ -->\n<title>Sobre a Empresa - MR2C Website<\/title>\n<meta name=\"robots\" content=\"index, follow, max-snippet:-1, max-image-preview:large, max-video-preview:-1\" \/>\n<link rel=\"canonical\" href=\"https:\/\/projectosloneus.com\/mr2c\/sobre-a-empresa\/\" \/>\n<meta property=\"og:locale\" content=\"pt_PT\" \/>\n<meta property=\"og:type\" content=\"article\" \/>\n<meta property=\"og:title\" content=\"Sobre a Empresa - MR2C Website\" \/>\n<meta property=\"og:description\" content=\"Sobre a Empresa Home Empresa Sobre a Empresa MR2C &#8211; Presta\u00e7\u00e3o de Servi\u00e7os (SU) Lda. \u00c9 uma empresa de direito angolano, com sede na Marginal de Luanda \u2013 pr\u00e9dio da DHL, 3\u00ba Andar, especializada na \u00e1rea de presta\u00e7\u00e3o de servi\u00e7os aeron\u00e1utico, oferecendo sempre solu\u00e7\u00f5es inteligentes e longa experi\u00eancia no mercado angolano, para quem usa os [&hellip;]\" \/>\n<meta property=\"og:url\" content=\"https:\/\/projectosloneus.com\/mr2c\/sobre-a-empresa\/\" \/>\n<meta property=\"og:site_name\" content=\"MR2C Website\" \/>\n<meta property=\"article:modified_time\" content=\"2026-04-19T16:24:54+00:00\" \/>\n<meta property=\"og:image\" content=\"https:\/\/projectosloneus.com\/mr2c\/wp-content\/uploads\/2026\/04\/tecnica-aeronautica-MR2C-Angola.webp\" \/>\n\t<meta property=\"og:image:width\" content=\"600\" \/>\n\t<meta property=\"og:image:height\" content=\"600\" \/>\n\t<meta property=\"og:image:type\" content=\"image\/webp\" \/>\n<meta name=\"twitter:card\" content=\"summary_large_image\" \/>\n<meta name=\"twitter:label1\" content=\"Tempo estimado de leitura\" \/>\n\t<meta name=\"twitter:data1\" content=\"2 minutos\" \/>\n<script type=\"application\/ld+json\" class=\"yoast-schema-graph\">{\"@context\":\"https:\\\/\\\/schema.org\",\"@graph\":[{\"@type\":\"WebPage\",\"@id\":\"https:\\\/\\\/projectosloneus.com\\\/mr2c\\\/sobre-a-empresa\\\/\",\"url\":\"https:\\\/\\\/projectosloneus.com\\\/mr2c\\\/sobre-a-empresa\\\/\",\"name\":\"Sobre a Empresa - MR2C Website\",\"isPartOf\":{\"@id\":\"https:\\\/\\\/projectosloneus.com\\\/mr2c\\\/#website\"},\"primaryImageOfPage\":{\"@id\":\"https:\\\/\\\/projectosloneus.com\\\/mr2c\\\/sobre-a-empresa\\\/#primaryimage\"},\"image\":{\"@id\":\"https:\\\/\\\/projectosloneus.com\\\/mr2c\\\/sobre-a-empresa\\\/#primaryimage\"},\"thumbnailUrl\":\"https:\\\/\\\/projectosloneus.com\\\/mr2c\\\/wp-content\\\/uploads\\\/2026\\\/04\\\/tecnica-aeronautica-MR2C-Angola.webp\",\"datePublished\":\"2026-04-09T17:24:31+00:00\",\"dateModified\":\"2026-04-19T16:24:54+00:00\",\"breadcrumb\":{\"@id\":\"https:\\\/\\\/projectosloneus.com\\\/mr2c\\\/sobre-a-empresa\\\/#breadcrumb\"},\"inLanguage\":\"pt-PT\",\"potentialAction\":[{\"@type\":\"ReadAction\",\"target\":[\"https:\\\/\\\/projectosloneus.com\\\/mr2c\\\/sobre-a-empresa\\\/\"]}]},{\"@type\":\"ImageObject\",\"inLanguage\":\"pt-PT\",\"@id\":\"https:\\\/\\\/projectosloneus.com\\\/mr2c\\\/sobre-a-empresa\\\/#primaryimage\",\"url\":\"https:\\\/\\\/projectosloneus.com\\\/mr2c\\\/wp-content\\\/uploads\\\/2026\\\/04\\\/tecnica-aeronautica-MR2C-Angola.webp\",\"contentUrl\":\"https:\\\/\\\/projectosloneus.com\\\/mr2c\\\/wp-content\\\/uploads\\\/2026\\\/04\\\/tecnica-aeronautica-MR2C-Angola.webp\",\"width\":600,\"height\":600},{\"@type\":\"BreadcrumbList\",\"@id\":\"https:\\\/\\\/projectosloneus.com\\\/mr2c\\\/sobre-a-empresa\\\/#breadcrumb\",\"itemListElement\":[{\"@type\":\"ListItem\",\"position\":1,\"name\":\"In\u00edcio\",\"item\":\"https:\\\/\\\/projectosloneus.com\\\/mr2c\\\/\"},{\"@type\":\"ListItem\",\"position\":2,\"name\":\"Sobre a Empresa\"}]},{\"@type\":\"WebSite\",\"@id\":\"https:\\\/\\\/projectosloneus.com\\\/mr2c\\\/#website\",\"url\":\"https:\\\/\\\/projectosloneus.com\\\/mr2c\\\/\",\"name\":\"MR2C Website\",\"description\":\"MR2C Website\",\"potentialAction\":[{\"@type\":\"SearchAction\",\"target\":{\"@type\":\"EntryPoint\",\"urlTemplate\":\"https:\\\/\\\/projectosloneus.com\\\/mr2c\\\/?s={search_term_string}\"},\"query-input\":{\"@type\":\"PropertyValueSpecification\",\"valueRequired\":true,\"valueName\":\"search_term_string\"}}],\"inLanguage\":\"pt-PT\"}]}<\/script>\n<!-- \/ Yoast SEO plugin. -->","yoast_head_json":{"title":"Sobre a Empresa - MR2C Website","robots":{"index":"index","follow":"follow","max-snippet":"max-snippet:-1","max-image-preview":"max-image-preview:large","max-video-preview":"max-video-preview:-1"},"canonical":"https:\/\/projectosloneus.com\/mr2c\/sobre-a-empresa\/","og_locale":"pt_PT","og_type":"article","og_title":"Sobre a Empresa - MR2C Website","og_description":"Sobre a Empresa Home Empresa Sobre a Empresa MR2C &#8211; Presta\u00e7\u00e3o de Servi\u00e7os (SU) Lda. \u00c9 uma empresa de direito angolano, com sede na Marginal de Luanda \u2013 pr\u00e9dio da DHL, 3\u00ba Andar, especializada na \u00e1rea de presta\u00e7\u00e3o de servi\u00e7os aeron\u00e1utico, oferecendo sempre solu\u00e7\u00f5es inteligentes e longa experi\u00eancia no mercado angolano, para quem usa os [&hellip;]","og_url":"https:\/\/projectosloneus.com\/mr2c\/sobre-a-empresa\/","og_site_name":"MR2C Website","article_modified_time":"2026-04-19T16:24:54+00:00","og_image":[{"width":600,"height":600,"url":"https:\/\/projectosloneus.com\/mr2c\/wp-content\/uploads\/2026\/04\/tecnica-aeronautica-MR2C-Angola.webp","type":"image\/webp"}],"twitter_card":"summary_large_image","twitter_misc":{"Tempo estimado de leitura":"2 minutos"},"schema":{"@context":"https:\/\/schema.org","@graph":[{"@type":"WebPage","@id":"https:\/\/projectosloneus.com\/mr2c\/sobre-a-empresa\/","url":"https:\/\/projectosloneus.com\/mr2c\/sobre-a-empresa\/","name":"Sobre a Empresa - MR2C Website","isPartOf":{"@id":"https:\/\/projectosloneus.com\/mr2c\/#website"},"primaryImageOfPage":{"@id":"https:\/\/projectosloneus.com\/mr2c\/sobre-a-empresa\/#primaryimage"},"image":{"@id":"https:\/\/projectosloneus.com\/mr2c\/sobre-a-empresa\/#primaryimage"},"thumbnailUrl":"https:\/\/projectosloneus.com\/mr2c\/wp-content\/uploads\/2026\/04\/tecnica-aeronautica-MR2C-Angola.webp","datePublished":"2026-04-09T17:24:31+00:00","dateModified":"2026-04-19T16:24:54+00:00","breadcrumb":{"@id":"https:\/\/projectosloneus.com\/mr2c\/sobre-a-empresa\/#breadcrumb"},"inLanguage":"pt-PT","potentialAction":[{"@type":"ReadAction","target":["https:\/\/projectosloneus.com\/mr2c\/sobre-a-empresa\/"]}]},{"@type":"ImageObject","inLanguage":"pt-PT","@id":"https:\/\/projectosloneus.com\/mr2c\/sobre-a-empresa\/#primaryimage","url":"https:\/\/projectosloneus.com\/mr2c\/wp-content\/uploads\/2026\/04\/tecnica-aeronautica-MR2C-Angola.webp","contentUrl":"https:\/\/projectosloneus.com\/mr2c\/wp-content\/uploads\/2026\/04\/tecnica-aeronautica-MR2C-Angola.webp","width":600,"height":600},{"@type":"BreadcrumbList","@id":"https:\/\/projectosloneus.com\/mr2c\/sobre-a-empresa\/#breadcrumb","itemListElement":[{"@type":"ListItem","position":1,"name":"In\u00edcio","item":"https:\/\/projectosloneus.com\/mr2c\/"},{"@type":"ListItem","position":2,"name":"Sobre a Empresa"}]},{"@type":"WebSite","@id":"https:\/\/projectosloneus.com\/mr2c\/#website","url":"https:\/\/projectosloneus.com\/mr2c\/","name":"MR2C Website","description":"MR2C Website","potentialAction":[{"@type":"SearchAction","target":{"@type":"EntryPoint","urlTemplate":"https:\/\/projectosloneus.com\/mr2c\/?s={search_term_string}"},"query-input":{"@type":"PropertyValueSpecification","valueRequired":true,"valueName":"search_term_string"}}],"inLanguage":"pt-PT"}]}},"_links":{"self":[{"href":"https:\/\/projectosloneus.com\/mr2c\/wp-json\/wp\/v2\/pages\/184","targetHints":{"allow":["GET"]}}],"collection":[{"href":"https:\/\/projectosloneus.com\/mr2c\/wp-json\/wp\/v2\/pages"}],"about":[{"href":"https:\/\/projectosloneus.com\/mr2c\/wp-json\/wp\/v2\/types\/page"}],"author":[{"embeddable":true,"href":"https:\/\/projectosloneus.com\/mr2c\/wp-json\/wp\/v2\/users\/1"}],"replies":[{"embeddable":true,"href":"https:\/\/projectosloneus.com\/mr2c\/wp-json\/wp\/v2\/comments?post=184"}],"version-history":[{"count":38,"href":"https:\/\/projectosloneus.com\/mr2c\/wp-json\/wp\/v2\/pages\/184\/revisions"}],"predecessor-version":[{"id":419,"href":"https:\/\/projectosloneus.com\/mr2c\/wp-json\/wp\/v2\/pages\/184\/revisions\/419"}],"wp:attachment":[{"href":"https:\/\/projectosloneus.com\/mr2c\/wp-json\/wp\/v2\/media?parent=184"}],"curies":[{"name":"wp","href":"https:\/\/api.w.org\/{rel}","templated":true}]}}